{"id":34,"date":"2017-06-04T03:07:33","date_gmt":"2017-06-04T01:07:33","guid":{"rendered":"https:\/\/argraniti.com\/?page_id=34"},"modified":"2021-07-22T15:48:39","modified_gmt":"2021-07-22T13:48:39","slug":"portfolio","status":"publish","type":"page","link":"https:\/\/argraniti.com\/en\/portfolio\/","title":{"rendered":"Portfolio"},"content":{"rendered":"<p>[vc_row css=&#8221;.vc_custom_1496664461126{padding-top: 99px !important;}&#8221;][vc_column width=&#8221;1\/2&#8243;][vc_column_text]<\/p>\n<ol>\n<li>Uslu\u017ena izrada fasade poslovne zgrade Lukoil-a &#8211; Novi Beograd<\/li>\n<li>Uslu\u017ena izrada ulaznog dela fasade hotela Hayat &#8211; Beograd<\/li>\n<li>Uslu\u017ena izrada plo\u010da za terazijski plato &#8211; Beograd<\/li>\n<li>Uslu\u017ena izrada fontane u centru Po\u017earevca<\/li>\n<li>Izrada svih elemenata od kamena na Crkvi Svetog Preobra\u017eenja &#8211; Beograd<\/li>\n<li>Uslu\u017ena izrada plo\u010da za trg u centru Obrenovca<\/li>\n<li>Uslu\u017ena izrada Hotela Aleksandar &#8211; Beograd<\/li>\n<li>Izrada spomenika Petru Dobrnjcu &#8211; Po\u017earevac<\/li>\n<li>Uslu\u017ena izrada nadgrobne plo\u010de Zoranu \u0110in\u0111i\u0107u &#8211; Beograd<\/li>\n<li>Izrada svih elemenata od kamena na Crkvi -Kola\u0161in<\/li>\n<\/ol>\n<p>[\/vc_column_text][\/vc_column][vc_column width=&#8221;1\/2&#8243;][vc_column_text]<\/p>\n<ol start=\"11\">\n<li>Uslu\u017ena izrada zgrade ekonomskog poslanstva Republike NR Kine &#8211; Beograd<\/li>\n<li>Izrada spomenika \u0110uri Jak\u0161i\u0107u Po\u017earevac<\/li>\n<li>Uslu\u017ena izrada delova Kulske Banke &#8211; Novi Sad<\/li>\n<li>Uslu\u017ena izrada delova Vile Breg &#8211; Vr\u0161ac<\/li>\n<li>Uslu\u017ena izrada delova Hotela Grani &#8211; Novi Sad<\/li>\n<li>Uslu\u017ena izrada delova Vlade Republike Srpske &#8211; Banja Luka<\/li>\n<li>Izrada spomenika Milenku Stojkovi\u0107u &#8211; Po\u017earevac<\/li>\n<li>Izrada spomenika Zoranu Sokolovi\u0107u &#8211; Knja\u017eevac<\/li>\n<li>Oblaganje poslovnice Sosiete Generale Banke &#8211; Aran\u0111elovac<\/li>\n<li>Oblaganje poslovne zgrade Fortuna Market &#8211; Aran\u0111elovac<\/li>\n<\/ol>\n<p>[\/vc_column_text][\/vc_column][\/vc_row][vc_row][vc_column width=&#8221;1\/2&#8243;][vc_column_text]<\/p>\n<ol start=\"21\">\n<li>Oblagaje poslovne zgrade Yu-auto &#8211; Vr\u0161ac<\/li>\n<li>Uslu\u017ena izrada fasade poslovne zgrade Takovo osiguranje &#8211; Kragujevac<\/li>\n<li>Uslu\u017ena izrada fasade poslovne zgade Konfekcije &#8211; Aran\u0111elovac<\/li>\n<li>Uslu\u017ena izrada fasade \u0161tamparija Stojkov Novi sad<\/li>\n<li>Uslu\u017ena izrada kamenoreza\u010dkih delova Hotel Izvor &#8211; Aran\u0111elovac<\/li>\n<li>Oblaganje poslovne zgrade Vojvo\u0111anske Banke &#8211; Aran\u0111elovac<\/li>\n<li>Oblaganje poslovne zgrade Komercijalne Banke &#8211; Aran\u0111elovac<\/li>\n<li>Oblaganje shop-a Lewis -Aran\u0111elovac<\/li>\n<li>Oblaganje Crkve Svetog Ilije -Mirijevo<\/li>\n<li>Izrada fontane u Kladovu<\/li>\n<\/ol>\n<p>[\/vc_column_text][\/vc_column][vc_column width=&#8221;1\/2&#8243;][vc_column_text]<\/p>\n<ol start=\"31\">\n<li>Oblaganje hotela 1000 ru\u017ea &#8211; Avala<\/li>\n<li>Izrada spomen obele\u017eija palim borcima u Kladovu<\/li>\n<li>Uslu\u017ena izrada poslovnog objekta Jeftovic &#8211; Kosjeri\u0107<\/li>\n<li>Izrada gradske fontane na kru\u017enom toku &#8211; Kladovo<\/li>\n<li>Izrada kamenoreza\u010dkih pozicija na Hotelu Metropol Palace &#8211; Beograd<\/li>\n<li>Izrada kamenoreza\u010dkih pozicija na pametnoj zgradi INFINITY &#8211; Dobra\u010dina 8, Beograd<\/li>\n<li>Izrada kamenoreza\u010dkih pozicija na poslovnoj zgradi Fiat &#8211; Kragujevac<\/li>\n<li>Izrada dela kamenoreza\u010dkih pozicija na aerodromu u Pri\u0161tini<\/li>\n<li>Uslu\u017ena izrada spomenika Nikoli Tesli &#8211; New York<\/li>\n<li>Izrada kamenoreza\u010dkih pozicija za hotel Kensington-London, V.Britanija<\/li>\n<\/ol>\n<p>[\/vc_column_text][\/vc_column][\/vc_row][vc_row css=&#8221;.vc_custom_1496333611743{padding-bottom: 70px !important;}&#8221;][vc_column width=&#8221;1\/2&#8243;][vc_column_text]<\/p>\n<ol start=\"41\">\n<li>Uslu\u017ena izrada delova kamenoreza\u010dkih pozicija Porta Makedonija &#8211; Skoplje<\/li>\n<li>Oblaganje vi\u0161e privatnih objekata &#8211; Moskva, Rusija<\/li>\n<li>Oblaganje Hotela Sheraton &#8211; Sofija, Bugarska<\/li>\n<li>Kamenoreza\u010dke pozicije Casino Flamingo &#8211; Gevgelija, Makedonija<\/li>\n<li>Oblaganje privatne vile -Tomsk, Rusija<\/li>\n<li>Uslu\u017ena izrada kamenoreza\u010dkih pozicija za hotel Ritz Carlton &#8211; Astana, Kazakstan<\/li>\n<li>Izrada kamenoreza\u010dkih pozicija za hotel\u00a0Sheraton-Sofija, Bugarska<\/li>\n<li>Izrada kamenoreza\u010dkih pozicija za hotel\u00a0Tornik, Zlatibor<\/li>\n<\/ol>\n<p>[\/vc_column_text][\/vc_column][vc_column width=&#8221;1\/2&#8243;][vc_column_text css=&#8221;.vc_custom_1626961718111{padding-left: 15px !important;}&#8221;]49. Izrada kamenorezackih pozicija Hotel Park Vrnjacka Banja<br \/>\n50. Izrada kamenorezackih pozicija Hotel Katamare-Becici<br \/>\n51. Izrada kamenorezackih pozicija Bukulja Arandjelovac<br \/>\n52. Izrada kamenorezackih pozicija manastir Tumane[\/vc_column_text][\/vc_column][\/vc_row]<\/p>","protected":false},"excerpt":{"rendered":"<p>[vc_row css=&#8221;.vc_custom_1496664461126{padding-top: 99px !important;}&#8221;][vc_column width=&#8221;1\/2&#8243;][vc_column_text] Uslu\u017ena izrada fasade poslovne zgrade Lukoil-a &#8211; Novi Beograd Uslu\u017ena izrada ulaznog dela fasade hotela Hayat &#8211; Beograd Uslu\u017ena izrada plo\u010da za terazijski plato &#8211; Beograd Uslu\u017ena izrada fontane u centru Po\u017earevca Izrada svih elemenata od kamena na Crkvi Svetog Preobra\u017eenja &#8211; Beograd Uslu\u017ena izrada plo\u010da za trg u centru [&hellip;]<\/p>\n","protected":false},"author":1,"featured_media":0,"parent":0,"menu_order":0,"comment_status":"closed","ping_status":"closed","template":"page-templates\/template-fullwidth.php","meta":{"footnotes":""},"class_list":["post-34","page","type-page","status-publish","hentry"],"_links":{"self":[{"href":"https:\/\/argraniti.com\/en\/wp-json\/wp\/v2\/pages\/34","targetHints":{"allow":["GET"]}}],"collection":[{"href":"https:\/\/argraniti.com\/en\/wp-json\/wp\/v2\/pages"}],"about":[{"href":"https:\/\/argraniti.com\/en\/wp-json\/wp\/v2\/types\/page"}],"author":[{"embeddable":true,"href":"https:\/\/argraniti.com\/en\/wp-json\/wp\/v2\/users\/1"}],"replies":[{"embeddable":true,"href":"https:\/\/argraniti.com\/en\/wp-json\/wp\/v2\/comments?post=34"}],"version-history":[{"count":13,"href":"https:\/\/argraniti.com\/en\/wp-json\/wp\/v2\/pages\/34\/revisions"}],"predecessor-version":[{"id":948,"href":"https:\/\/argraniti.com\/en\/wp-json\/wp\/v2\/pages\/34\/revisions\/948"}],"wp:attachment":[{"href":"https:\/\/argraniti.com\/en\/wp-json\/wp\/v2\/media?parent=34"}],"curies":[{"name":"wp","href":"https:\/\/api.w.org\/{rel}","templated":true}]}}